{"id":45,"date":"2025-02-28T12:41:48","date_gmt":"2025-02-28T11:41:48","guid":{"rendered":"https:\/\/optimisa.be\/?page_id=45"},"modified":"2025-03-04T10:40:48","modified_gmt":"2025-03-04T09:40:48","slug":"actualites","status":"publish","type":"page","link":"https:\/\/optimisa.be\/index.php\/actualites\/","title":{"rendered":"Actualit\u00e9s"},"content":{"rendered":"\n<div class=\"wp-block-cover alignfull\" style=\"min-height:275px;aspect-ratio:unset;\"><span aria-hidden=\"true\" class=\"wp-block-cover__background has-nv-site-bg-background-color has-background-dim-100 has-background-dim\"><\/span><div class=\"wp-block-cover__inner-container is-layout-flow wp-block-cover-is-layout-flow\">\n<div class=\"wp-block-group\" style=\"padding-right:var(--wp--preset--spacing--30);padding-left:var(--wp--preset--spacing--30)\"><div class=\"wp-block-group__inner-container is-layout-flow wp-block-group-is-layout-flow\">\n<div class=\"wp-block-columns alignwide are-vertically-aligned-bottom is-layout-flex wp-container-core-columns-is-layout-9d6595d7 wp-block-columns-is-layout-flex\">\n<div class=\"wp-block-column is-vertically-aligned-bottom is-layout-flow wp-block-column-is-layout-flow\">\n<h1 class=\"wp-block-heading has-text-align-center has-nv-dark-bg-color has-text-color has-link-color wp-elements-ff1c490e1cb93e24641a7c543acbd472\" style=\"font-size:45px\">Optimisa participe au T\u00e9l\u00e9vie via les Cyclos du C\u0153ur<\/h1>\n<\/div>\n<\/div>\n<\/div><\/div>\n<\/div><\/div>\n\n\n\n<div class=\"wp-block-cover alignfull\" style=\"min-height:600px;aspect-ratio:unset;\"><span aria-hidden=\"true\" class=\"wp-block-cover__background has-nv-light-bg-background-color has-background-dim-100 has-background-dim\"><\/span><div class=\"wp-block-cover__inner-container is-layout-flow wp-block-cover-is-layout-flow\">\n<div class=\"wp-block-group\"><div class=\"wp-block-group__inner-container is-layout-flow wp-block-group-is-layout-flow\">\n<div class=\"wp-block-columns is-layout-flex wp-container-core-columns-is-layout-9d6595d7 wp-block-columns-is-layout-flex\">\n<div class=\"wp-block-column is-layout-flow wp-block-column-is-layout-flow\"><div class=\"wp-block-image\">\n<figure class=\"aligncenter size-full is-resized\"><img loading=\"lazy\" decoding=\"async\" width=\"1280\" height=\"853\" src=\"https:\/\/optimisa.be\/wp-content\/uploads\/2025\/03\/SEV23624.jpg\" alt=\"\" class=\"wp-image-305\" style=\"width:792px;height:auto\" srcset=\"https:\/\/optimisa.be\/wp-content\/uploads\/2025\/03\/SEV23624.jpg 1280w, https:\/\/optimisa.be\/wp-content\/uploads\/2025\/03\/SEV23624-300x200.jpg 300w, https:\/\/optimisa.be\/wp-content\/uploads\/2025\/03\/SEV23624-1024x682.jpg 1024w, https:\/\/optimisa.be\/wp-content\/uploads\/2025\/03\/SEV23624-768x512.jpg 768w, https:\/\/optimisa.be\/wp-content\/uploads\/2025\/03\/SEV23624-930x620.jpg 930w\" sizes=\"auto, (max-width: 1280px) 100vw, 1280px\" \/><\/figure>\n<\/div><\/div>\n<\/div>\n\n\n\n<div style=\"height:41px\" aria-hidden=\"true\" class=\"wp-block-spacer\"><\/div>\n\n\n\n<div class=\"wp-block-columns are-vertically-aligned-center is-layout-flex wp-container-core-columns-is-layout-9d6595d7 wp-block-columns-is-layout-flex\">\n<div class=\"wp-block-column is-vertically-aligned-center has-medium-font-size is-layout-flow wp-block-column-is-layout-flow\" style=\"padding-right:var(--wp--preset--spacing--30);padding-left:var(--wp--preset--spacing--30);flex-basis:75%\">\n<p class=\"has-text-align-center has-neve-text-color-color has-text-color\" style=\"font-size:18px\">En 2019, j\u2019\u00e9tais pr\u00e9sent dans le peloton des 200 coureurs pour grimper sur le Mont Ventoux. <br><br>En 2022, apr\u00e8s les repos forc\u00e9s Covid, ce sont les 35 km du Galibier qui ont fait l\u2019objet du challenge r\u00e9ussi par les 300 coureurs, toujours autour de Jean-Michel Zecca. <br><br>L\u2019ann\u00e9e 2023 aura eu pour cadre la l\u00e9gendaire Alpe d\u2019Huez sur laquelle se sont \u00e9lanc\u00e9s quelque 500 coureurs parrain\u00e9s par Philippe Gilbert. En 2024, le col de Joux Plane, un des plus terrible des Alpes, a vu encore 500 coureurs mouiller leur maillot pour gagner le sommet. <br><br>Cette ann\u00e9e, je rejoins pour la 5\u00e8me fois d\u2019affil\u00e9 le peloton des Cyclos du C\u0153ur pour gravir le col de l\u2019Izoard !<\/p>\n<\/div>\n\n\n\n<div class=\"wp-block-column is-vertically-aligned-center is-layout-flow wp-block-column-is-layout-flow\" style=\"padding-right:var(--wp--preset--spacing--30);padding-left:var(--wp--preset--spacing--30);flex-basis:55%\"><div class=\"wp-block-image\">\n<figure class=\"aligncenter size-full\"><img loading=\"lazy\" decoding=\"async\" width=\"1544\" height=\"1160\" src=\"https:\/\/optimisa.be\/wp-content\/uploads\/2025\/03\/IMG_1634.jpg\" alt=\"\" class=\"wp-image-307\" srcset=\"https:\/\/optimisa.be\/wp-content\/uploads\/2025\/03\/IMG_1634.jpg 1544w, https:\/\/optimisa.be\/wp-content\/uploads\/2025\/03\/IMG_1634-300x225.jpg 300w, https:\/\/optimisa.be\/wp-content\/uploads\/2025\/03\/IMG_1634-1024x769.jpg 1024w, https:\/\/optimisa.be\/wp-content\/uploads\/2025\/03\/IMG_1634-768x577.jpg 768w, https:\/\/optimisa.be\/wp-content\/uploads\/2025\/03\/IMG_1634-1536x1154.jpg 1536w\" sizes=\"auto, (max-width: 1544px) 100vw, 1544px\" \/><\/figure>\n<\/div><\/div>\n<\/div>\n<\/div><\/div>\n\n\n\n<div class=\"wp-block-columns is-layout-flex wp-container-core-columns-is-layout-9d6595d7 wp-block-columns-is-layout-flex\">\n<div class=\"wp-block-column is-vertically-aligned-center is-layout-flow wp-block-column-is-layout-flow\" style=\"flex-basis:55%\">\n<figure class=\"wp-block-image size-full\"><img loading=\"lazy\" decoding=\"async\" width=\"2560\" height=\"1707\" src=\"https:\/\/optimisa.be\/wp-content\/uploads\/2025\/03\/GALIBIER-JP-2022-scaled.jpg\" alt=\"\" class=\"wp-image-306\" srcset=\"https:\/\/optimisa.be\/wp-content\/uploads\/2025\/03\/GALIBIER-JP-2022-scaled.jpg 2560w, https:\/\/optimisa.be\/wp-content\/uploads\/2025\/03\/GALIBIER-JP-2022-300x200.jpg 300w, https:\/\/optimisa.be\/wp-content\/uploads\/2025\/03\/GALIBIER-JP-2022-1024x683.jpg 1024w, https:\/\/optimisa.be\/wp-content\/uploads\/2025\/03\/GALIBIER-JP-2022-768x512.jpg 768w, https:\/\/optimisa.be\/wp-content\/uploads\/2025\/03\/GALIBIER-JP-2022-1536x1024.jpg 1536w, https:\/\/optimisa.be\/wp-content\/uploads\/2025\/03\/GALIBIER-JP-2022-2048x1366.jpg 2048w, https:\/\/optimisa.be\/wp-content\/uploads\/2025\/03\/GALIBIER-JP-2022-930x620.jpg 930w\" sizes=\"auto, (max-width: 2560px) 100vw, 2560px\" \/><\/figure>\n<\/div>\n\n\n\n<div class=\"wp-block-column is-vertically-aligned-center is-layout-flow wp-block-column-is-layout-flow\" style=\"flex-basis:66.66%\">\n<p><\/p>\n\n\n\n<p class=\"has-text-align-center has-neve-text-color-color has-text-color has-link-color wp-elements-debab93c936613db3b2d8bcf0105777c\" style=\"font-size:18px\">Le T\u00e9l\u00e9vie est capital dans la recherche contre le cancer. Il s\u2019agit d\u2019un combat qui concerne tout le monde et qui est sans rel\u00e2che.<br><br>Des progr\u00e8s ont \u00e9t\u00e9 r\u00e9alis\u00e9s et continuent \u00e0 \u00eatre r\u00e9alis\u00e9s, mais l\u2019\u00e9radication de cette maladie est toujours malheureusement loin.<br><br>Nous avons tout donn\u00e9, nous allons tout donner!<\/p>\n<\/div>\n<\/div>\n<\/div><\/div>\n\n\n\n<p><\/p>\n","protected":false},"excerpt":{"rendered":"","protected":false},"author":1,"featured_media":0,"parent":0,"menu_order":0,"comment_status":"closed","ping_status":"closed","template":"","meta":{"neve_meta_sidebar":"","neve_meta_container":"","neve_meta_enable_content_width":"on","neve_meta_content_width":100,"neve_meta_title_alignment":"","neve_meta_author_avatar":"","neve_post_elements_order":"","neve_meta_disable_header":"","neve_meta_disable_footer":"","neve_meta_disable_title":"on","footnotes":""},"class_list":["post-45","page","type-page","status-publish","hentry"],"_links":{"self":[{"href":"https:\/\/optimisa.be\/index.php\/wp-json\/wp\/v2\/pages\/45","targetHints":{"allow":["GET"]}}],"collection":[{"href":"https:\/\/optimisa.be\/index.php\/wp-json\/wp\/v2\/pages"}],"about":[{"href":"https:\/\/optimisa.be\/index.php\/wp-json\/wp\/v2\/types\/page"}],"author":[{"embeddable":true,"href":"https:\/\/optimisa.be\/index.php\/wp-json\/wp\/v2\/users\/1"}],"replies":[{"embeddable":true,"href":"https:\/\/optimisa.be\/index.php\/wp-json\/wp\/v2\/comments?post=45"}],"version-history":[{"count":12,"href":"https:\/\/optimisa.be\/index.php\/wp-json\/wp\/v2\/pages\/45\/revisions"}],"predecessor-version":[{"id":336,"href":"https:\/\/optimisa.be\/index.php\/wp-json\/wp\/v2\/pages\/45\/revisions\/336"}],"wp:attachment":[{"href":"https:\/\/optimisa.be\/index.php\/wp-json\/wp\/v2\/media?parent=45"}],"curies":[{"name":"wp","href":"https:\/\/api.w.org\/{rel}","templated":true}]}}