{"id":44,"date":"2025-02-28T12:41:48","date_gmt":"2025-02-28T11:41:48","guid":{"rendered":"https:\/\/optimisa.be\/?page_id=44"},"modified":"2025-03-04T13:54:17","modified_gmt":"2025-03-04T12:54:17","slug":"nos-services","status":"publish","type":"page","link":"https:\/\/optimisa.be\/index.php\/nos-services\/","title":{"rendered":"Nos services"},"content":{"rendered":"\n<div class=\"wp-block-cover alignfull\" style=\"min-height:50px;aspect-ratio:unset;\"><span aria-hidden=\"true\" class=\"wp-block-cover__background has-nv-site-bg-background-color has-background-dim-100 has-background-dim\"><\/span><div class=\"wp-block-cover__inner-container is-layout-flow wp-block-cover-is-layout-flow\">\n<div class=\"wp-block-group\" style=\"padding-right:var(--wp--preset--spacing--30);padding-left:var(--wp--preset--spacing--30)\"><div class=\"wp-block-group__inner-container is-layout-flow wp-block-group-is-layout-flow\">\n<p><\/p>\n<\/div><\/div>\n<\/div><\/div>\n\n\n\n<div class=\"wp-block-cover alignfull\" style=\"min-height:416px;aspect-ratio:unset;\"><span aria-hidden=\"true\" class=\"wp-block-cover__background has-nv-light-bg-background-color has-background-dim-100 has-background-dim\"><\/span><div class=\"wp-block-cover__inner-container is-layout-flow wp-block-cover-is-layout-flow\">\n<div class=\"wp-block-group\"><div class=\"wp-block-group__inner-container is-layout-flow wp-block-group-is-layout-flow\">\n<div style=\"height:18px\" aria-hidden=\"true\" class=\"wp-block-spacer\"><\/div>\n\n\n\n<div class=\"wp-block-columns are-vertically-aligned-center is-layout-flex wp-container-core-columns-is-layout-9d6595d7 wp-block-columns-is-layout-flex\">\n<div class=\"wp-block-column is-vertically-aligned-center is-layout-flow wp-block-column-is-layout-flow\" style=\"padding-right:var(--wp--preset--spacing--30);padding-left:var(--wp--preset--spacing--30);flex-basis:50%\"><div class=\"wp-block-image\">\n<figure class=\"aligncenter size-full is-resized has-custom-border\"><img loading=\"lazy\" decoding=\"async\" width=\"500\" height=\"500\" src=\"http:\/\/optimisa.be\/wp-content\/uploads\/2025\/02\/Design-sans-titre-19.png\" alt=\"\" class=\"wp-image-157\" style=\"border-radius:24px;width:120px\" srcset=\"https:\/\/optimisa.be\/wp-content\/uploads\/2025\/02\/Design-sans-titre-19.png 500w, https:\/\/optimisa.be\/wp-content\/uploads\/2025\/02\/Design-sans-titre-19-300x300.png 300w, https:\/\/optimisa.be\/wp-content\/uploads\/2025\/02\/Design-sans-titre-19-150x150.png 150w\" sizes=\"auto, (max-width: 500px) 100vw, 500px\" \/><\/figure>\n<\/div>\n\n\n<div style=\"height:25px\" aria-hidden=\"true\" class=\"wp-block-spacer\"><\/div>\n\n\n\n<h3 class=\"wp-block-heading has-text-align-center has-neve-text-color-color has-text-color\">Communication<\/h3>\n\n\n\n<div style=\"height:40px\" aria-hidden=\"true\" class=\"wp-block-spacer\"><\/div>\n<\/div>\n\n\n\n<div class=\"wp-block-column is-vertically-aligned-center is-layout-flow wp-block-column-is-layout-flow\" style=\"padding-right:var(--wp--preset--spacing--30);padding-left:var(--wp--preset--spacing--30);flex-basis:50%\"><div class=\"wp-block-image\">\n<figure class=\"aligncenter size-full is-resized has-custom-border\"><img loading=\"lazy\" decoding=\"async\" width=\"500\" height=\"500\" src=\"http:\/\/optimisa.be\/wp-content\/uploads\/2025\/02\/Design-sans-titre-17.png\" alt=\"\" class=\"wp-image-155\" style=\"border-radius:24px;width:120px\" srcset=\"https:\/\/optimisa.be\/wp-content\/uploads\/2025\/02\/Design-sans-titre-17.png 500w, https:\/\/optimisa.be\/wp-content\/uploads\/2025\/02\/Design-sans-titre-17-300x300.png 300w, https:\/\/optimisa.be\/wp-content\/uploads\/2025\/02\/Design-sans-titre-17-150x150.png 150w\" sizes=\"auto, (max-width: 500px) 100vw, 500px\" \/><\/figure>\n<\/div>\n\n\n<div style=\"height:25px\" aria-hidden=\"true\" class=\"wp-block-spacer\"><\/div>\n\n\n\n<h3 class=\"wp-block-heading has-text-align-center has-neve-text-color-color has-text-color\">S\u00e9curit\u00e9<\/h3>\n\n\n\n<div style=\"height:40px\" aria-hidden=\"true\" class=\"wp-block-spacer\"><\/div>\n<\/div>\n\n\n\n<div class=\"wp-block-column is-vertically-aligned-center is-layout-flow wp-block-column-is-layout-flow\" style=\"padding-right:var(--wp--preset--spacing--30);padding-left:var(--wp--preset--spacing--30);flex-basis:50%\"><div class=\"wp-block-image\">\n<figure class=\"aligncenter size-full is-resized has-custom-border\"><img loading=\"lazy\" decoding=\"async\" width=\"500\" height=\"500\" src=\"http:\/\/optimisa.be\/wp-content\/uploads\/2025\/02\/Design-sans-titre-15.png\" alt=\"\" class=\"wp-image-153\" style=\"border-radius:24px;width:120px\" srcset=\"https:\/\/optimisa.be\/wp-content\/uploads\/2025\/02\/Design-sans-titre-15.png 500w, https:\/\/optimisa.be\/wp-content\/uploads\/2025\/02\/Design-sans-titre-15-300x300.png 300w, https:\/\/optimisa.be\/wp-content\/uploads\/2025\/02\/Design-sans-titre-15-150x150.png 150w\" sizes=\"auto, (max-width: 500px) 100vw, 500px\" \/><\/figure>\n<\/div>\n\n\n<div style=\"height:25px\" aria-hidden=\"true\" class=\"wp-block-spacer\"><\/div>\n\n\n\n<h3 class=\"wp-block-heading has-text-align-center has-neve-text-color-color has-text-color\">Audit<\/h3>\n\n\n\n<div style=\"height:40px\" aria-hidden=\"true\" class=\"wp-block-spacer\"><\/div>\n<\/div>\n<\/div>\n\n\n\n<div style=\"height:40px\" aria-hidden=\"true\" class=\"wp-block-spacer\"><\/div>\n<\/div><\/div>\n<\/div><\/div>\n\n\n\n<div class=\"wp-block-cover alignfull\"><span aria-hidden=\"true\" class=\"wp-block-cover__background has-nv-site-bg-background-color has-background-dim-100 has-background-dim\"><\/span><div class=\"wp-block-cover__inner-container is-layout-flow wp-block-cover-is-layout-flow\">\n<div class=\"wp-block-columns is-layout-flex wp-container-core-columns-is-layout-9d6595d7 wp-block-columns-is-layout-flex\">\n<div class=\"wp-block-column is-vertically-aligned-center is-layout-flow wp-block-column-is-layout-flow\" style=\"padding-right:var(--wp--preset--spacing--30);padding-left:var(--wp--preset--spacing--30);flex-basis:50%\"><div class=\"wp-block-image is-style-default\">\n<figure class=\"aligncenter size-full is-resized has-custom-border\"><img loading=\"lazy\" decoding=\"async\" width=\"500\" height=\"500\" src=\"http:\/\/optimisa.be\/wp-content\/uploads\/2025\/02\/Design-sans-titre-19.png\" alt=\"\" class=\"wp-image-157\" style=\"border-radius:16px;width:270px\" srcset=\"https:\/\/optimisa.be\/wp-content\/uploads\/2025\/02\/Design-sans-titre-19.png 500w, https:\/\/optimisa.be\/wp-content\/uploads\/2025\/02\/Design-sans-titre-19-300x300.png 300w, https:\/\/optimisa.be\/wp-content\/uploads\/2025\/02\/Design-sans-titre-19-150x150.png 150w\" sizes=\"auto, (max-width: 500px) 100vw, 500px\" \/><\/figure>\n<\/div><\/div>\n\n\n\n<div class=\"wp-block-column is-layout-flow wp-block-column-is-layout-flow\" style=\"padding-right:var(--wp--preset--spacing--30);padding-left:var(--wp--preset--spacing--30);flex-basis:65%\">\n<h2 class=\"wp-block-heading has-text-align-center has-nv-dark-bg-color has-text-color\" style=\"text-decoration:underline\">Communication<\/h2>\n\n\n\n<p><\/p>\n\n\n\n<p class=\"has-text-align-center has-neve-text-color-color has-text-color\"><strong>Nous pouvons prendre en charge votre communication, interne ou externes, et vous apporter une aide pour mettre en place votre strat\u00e9gie de communication au sein de votre organisation ou de vos relations avec les diff\u00e9rents partenaires (les clients, les fournisseurs, le monde politique, les organisations professionnelles, les journalistes,\u2026)<\/strong>.<br><br><strong>Optimisa peut aussi vous aider dans le d\u00e9ploiement d&#8217;une communication de crise articul\u00e9e autour d&#8217;une analyse et d&#8217;un ensemble d&#8217;actions pour lutter contre les effets de l&#8217;\u00e9v\u00e9nement (r\u00e9organisation, accident, rappel de produits, pollution,&#8230;).<\/strong><\/p>\n<\/div>\n<\/div>\n\n\n\n<div style=\"height:74px\" aria-hidden=\"true\" class=\"wp-block-spacer\"><\/div>\n\n\n\n<div class=\"wp-block-columns are-vertically-aligned-center is-layout-flex wp-container-core-columns-is-layout-9d6595d7 wp-block-columns-is-layout-flex\">\n<div class=\"wp-block-column is-vertically-aligned-center is-layout-flow wp-block-column-is-layout-flow\" style=\"padding-right:var(--wp--preset--spacing--30);padding-left:var(--wp--preset--spacing--30);flex-basis:65%\">\n<p><\/p>\n\n\n\n<h2 class=\"wp-block-heading has-text-align-center has-nv-dark-bg-color has-text-color\" style=\"text-decoration:underline\">S\u00e9curit\u00e9<\/h2>\n\n\n\n<p><\/p>\n\n\n\n<p class=\"has-text-align-center has-neve-text-color-color has-text-color\"><strong>Votre organisation est-elle bien s\u00e9curis\u00e9e ? Payez-vous le prix juste pour la surveillance de vos biens ? En termes de s\u00e9curit\u00e9, une expertise peut vous \u00eatre apport\u00e9e pour tous les domaines de s\u00fbret\u00e9 ou de protection des personnes, des sites et des organisations.<\/strong><\/p>\n\n\n\n<p class=\"has-text-align-center has-neve-text-color-color has-text-color\"><strong>Le gestion de crise est un point fort. Dot\u00e9e d\u2019une tr\u00e8s grande exp\u00e9rience en la mati\u00e8re, notamment dans la gestion des crises sociales et la protection des organes d\u00e9cideurs, Optimisa pourra vous apporter toute la s\u00e9r\u00e9nit\u00e9 n\u00e9cessaire dans le cadre d\u2019une situation compliqu\u00e9e telle que des annonces de r\u00e9organisation d\u2019entreprise.<\/strong><\/p>\n\n\n\n<p class=\"has-text-align-center has-neve-text-color-color has-text-color\"><strong>Vous assurez la surveillance et la protection de votre site via un service interne de gardiennage ou en confiant vos objectifs \u00e0 une soci\u00e9t\u00e9 de gardiennage, OPTIMISA peut \u00e9tudier votre d\u00e9marche et, apr\u00e8s analyse, vous formuler des axes de progr\u00e8s tant en termes d\u2019efficacit\u00e9 qu\u2019en termes d\u2019\u00e9conomie.<\/strong><\/p>\n<\/div>\n\n\n\n<div class=\"wp-block-column is-vertically-aligned-center is-layout-flow wp-block-column-is-layout-flow\" style=\"padding-right:var(--wp--preset--spacing--30);padding-left:var(--wp--preset--spacing--30);flex-basis:50%\"><div class=\"wp-block-image is-style-default\">\n<figure class=\"aligncenter size-full is-resized has-custom-border\"><img loading=\"lazy\" decoding=\"async\" width=\"500\" height=\"500\" src=\"http:\/\/optimisa.be\/wp-content\/uploads\/2025\/02\/Design-sans-titre-17.png\" alt=\"\" class=\"wp-image-155\" style=\"border-radius:16px;width:320px;height:auto\" srcset=\"https:\/\/optimisa.be\/wp-content\/uploads\/2025\/02\/Design-sans-titre-17.png 500w, https:\/\/optimisa.be\/wp-content\/uploads\/2025\/02\/Design-sans-titre-17-300x300.png 300w, https:\/\/optimisa.be\/wp-content\/uploads\/2025\/02\/Design-sans-titre-17-150x150.png 150w\" sizes=\"auto, (max-width: 500px) 100vw, 500px\" \/><\/figure>\n<\/div><\/div>\n<\/div>\n\n\n\n<div style=\"height:74px\" aria-hidden=\"true\" class=\"wp-block-spacer\"><\/div>\n\n\n\n<div class=\"wp-block-columns are-vertically-aligned-center is-layout-flex wp-container-core-columns-is-layout-9d6595d7 wp-block-columns-is-layout-flex\">\n<div class=\"wp-block-column is-vertically-aligned-center is-layout-flow wp-block-column-is-layout-flow\" style=\"padding-right:var(--wp--preset--spacing--30);padding-left:var(--wp--preset--spacing--30);flex-basis:50%\"><div class=\"wp-block-image is-style-default\">\n<figure class=\"aligncenter size-full is-resized has-custom-border\"><img loading=\"lazy\" decoding=\"async\" width=\"500\" height=\"500\" src=\"http:\/\/optimisa.be\/wp-content\/uploads\/2025\/02\/Design-sans-titre-15.png\" alt=\"\" class=\"wp-image-153\" style=\"border-radius:16px;width:270px\" srcset=\"https:\/\/optimisa.be\/wp-content\/uploads\/2025\/02\/Design-sans-titre-15.png 500w, https:\/\/optimisa.be\/wp-content\/uploads\/2025\/02\/Design-sans-titre-15-300x300.png 300w, https:\/\/optimisa.be\/wp-content\/uploads\/2025\/02\/Design-sans-titre-15-150x150.png 150w\" sizes=\"auto, (max-width: 500px) 100vw, 500px\" \/><\/figure>\n<\/div><\/div>\n\n\n\n<div class=\"wp-block-column is-vertically-aligned-center is-layout-flow wp-block-column-is-layout-flow\" style=\"padding-right:var(--wp--preset--spacing--30);padding-left:var(--wp--preset--spacing--30);flex-basis:65%\">\n<h2 class=\"wp-block-heading has-text-align-center has-nv-dark-bg-color has-text-color\" style=\"text-decoration:underline\">Audit<\/h2>\n\n\n\n<p><\/p>\n\n\n\n<p class=\"has-text-align-center has-neve-text-color-color has-text-color\"><strong>Si vous rencontrez des probl\u00e8mes d\u2019organisation au sein de votre entreprise, dans certains services, ou encore si vous avez des suspicions de fraude ou autre escroquerie, OPTIMISA r\u00e9alise l\u2019audit n\u00e9cessaire et adapt\u00e9 \u00e0 chaque situation. L\u2019exp\u00e9rience acquise dans le domaine de la fraude a permis de mettre fin \u00e0 de nombreux stratag\u00e8mes p\u00e9nalisant pour les organisations.<\/strong><\/p>\n<\/div>\n<\/div>\n\n\n\n<div style=\"height:50px\" aria-hidden=\"true\" class=\"wp-block-spacer\"><\/div>\n<\/div><\/div>\n\n\n\n<div class=\"wp-block-cover alignfull\" style=\"min-height:300px;aspect-ratio:unset;\"><span aria-hidden=\"true\" class=\"wp-block-cover__background has-neve-link-color-background-color has-background-dim-100 has-background-dim\"><\/span><div class=\"wp-block-cover__inner-container is-layout-flow wp-block-cover-is-layout-flow\">\n<div style=\"height:140px\" aria-hidden=\"true\" class=\"wp-block-spacer\"><\/div>\n\n\n\n<div class=\"wp-block-columns is-layout-flex wp-container-core-columns-is-layout-9d6595d7 wp-block-columns-is-layout-flex\">\n<div class=\"wp-block-column is-layout-flow wp-block-column-is-layout-flow\" style=\"flex-basis:20%\"><\/div>\n\n\n\n<div class=\"wp-block-column is-layout-flow wp-block-column-is-layout-flow\" style=\"flex-basis:60%\">\n<div class=\"wp-block-group\"><div class=\"wp-block-group__inner-container is-layout-constrained wp-block-group-is-layout-constrained\">\n<h2 class=\"wp-block-heading has-text-align-center has-nv-text-dark-bg-color has-text-color\" style=\"font-size:35px\">Avez-vous besoin d&#8217;informations compl\u00e9mentaires ?<\/h2>\n\n\n\n<p class=\"has-text-align-center has-nv-text-dark-bg-color has-text-color has-link-color wp-elements-c2e16465a2b9b583034a15f50afef3ad\" style=\"font-size:20px\"><strong>N\u2019h\u00e9sitez pas \u00e0 nous contacter. Nous nous engageons \u00e0 mettre en place des solutions adapt\u00e9es \u00e0 vos besoins sp\u00e9cifiques<\/strong><\/p>\n\n\n\n<div class=\"wp-block-buttons is-horizontal is-content-justification-center is-layout-flex wp-container-core-buttons-is-layout-499968f5 wp-block-buttons-is-layout-flex\">\n<div class=\"wp-block-button is-style-primary\"><a class=\"wp-block-button__link has-neve-link-color-color has-text-color has-background has-link-color wp-element-button\" href=\"https:\/\/optimisa.be\/index.php\/contact\/\" style=\"background-color:#ffffff\">Contactez-nous<\/a><\/div>\n<\/div>\n<\/div><\/div>\n<\/div>\n\n\n\n<div class=\"wp-block-column is-layout-flow wp-block-column-is-layout-flow\" style=\"flex-basis:20%\"><\/div>\n<\/div>\n<\/div><\/div>\n\n\n\n<p><\/p>\n","protected":false},"excerpt":{"rendered":"","protected":false},"author":1,"featured_media":0,"parent":0,"menu_order":0,"comment_status":"closed","ping_status":"closed","template":"","meta":{"neve_meta_sidebar":"","neve_meta_container":"","neve_meta_enable_content_width":"on","neve_meta_content_width":100,"neve_meta_title_alignment":"","neve_meta_author_avatar":"","neve_post_elements_order":"","neve_meta_disable_header":"","neve_meta_disable_footer":"","neve_meta_disable_title":"on","footnotes":""},"class_list":["post-44","page","type-page","status-publish","hentry"],"_links":{"self":[{"href":"https:\/\/optimisa.be\/index.php\/wp-json\/wp\/v2\/pages\/44","targetHints":{"allow":["GET"]}}],"collection":[{"href":"https:\/\/optimisa.be\/index.php\/wp-json\/wp\/v2\/pages"}],"about":[{"href":"https:\/\/optimisa.be\/index.php\/wp-json\/wp\/v2\/types\/page"}],"author":[{"embeddable":true,"href":"https:\/\/optimisa.be\/index.php\/wp-json\/wp\/v2\/users\/1"}],"replies":[{"embeddable":true,"href":"https:\/\/optimisa.be\/index.php\/wp-json\/wp\/v2\/comments?post=44"}],"version-history":[{"count":20,"href":"https:\/\/optimisa.be\/index.php\/wp-json\/wp\/v2\/pages\/44\/revisions"}],"predecessor-version":[{"id":341,"href":"https:\/\/optimisa.be\/index.php\/wp-json\/wp\/v2\/pages\/44\/revisions\/341"}],"wp:attachment":[{"href":"https:\/\/optimisa.be\/index.php\/wp-json\/wp\/v2\/media?parent=44"}],"curies":[{"name":"wp","href":"https:\/\/api.w.org\/{rel}","templated":true}]}}