{"id":42,"date":"2025-02-28T12:41:48","date_gmt":"2025-02-28T11:41:48","guid":{"rendered":"https:\/\/optimisa.be\/?page_id=42"},"modified":"2025-03-04T13:39:12","modified_gmt":"2025-03-04T12:39:12","slug":"a-propos-de-nous","status":"publish","type":"page","link":"https:\/\/optimisa.be\/index.php\/a-propos-de-nous\/","title":{"rendered":"\u00c0 propos de nous"},"content":{"rendered":"\n<div class=\"wp-block-cover alignfull\" style=\"min-height:229px;aspect-ratio:unset;\"><span aria-hidden=\"true\" class=\"wp-block-cover__background has-nv-site-bg-background-color has-background-dim-100 has-background-dim\"><\/span><div class=\"wp-block-cover__inner-container is-layout-flow wp-block-cover-is-layout-flow\">\n<div class=\"wp-block-group\" style=\"padding-right:var(--wp--preset--spacing--30);padding-left:var(--wp--preset--spacing--30)\"><div class=\"wp-block-group__inner-container is-layout-flow wp-block-group-is-layout-flow\">\n<p class=\"has-text-align-center\"><\/p>\n<\/div><\/div>\n<\/div><\/div>\n\n\n\n<div class=\"wp-block-cover alignfull\" style=\"min-height:600px;aspect-ratio:unset;\"><span aria-hidden=\"true\" class=\"wp-block-cover__background has-nv-light-bg-background-color has-background-dim-100 has-background-dim\"><\/span><div class=\"wp-block-cover__inner-container is-layout-flow wp-block-cover-is-layout-flow\">\n<div class=\"wp-block-group\"><div class=\"wp-block-group__inner-container is-layout-flow wp-block-group-is-layout-flow\">\n<div class=\"wp-block-columns are-vertically-aligned-center has-neve-text-color-color has-text-color is-layout-flex wp-container-core-columns-is-layout-9d6595d7 wp-block-columns-is-layout-flex\">\n<div class=\"wp-block-column is-vertically-aligned-center is-layout-flow wp-block-column-is-layout-flow\" style=\"padding-right:var(--wp--preset--spacing--30);padding-left:var(--wp--preset--spacing--30);flex-basis:50%\">\n<figure class=\"wp-block-image size-full has-custom-border\"><img loading=\"lazy\" decoding=\"async\" width=\"1806\" height=\"1404\" src=\"http:\/\/optimisa.be\/wp-content\/uploads\/2025\/02\/OPTIMISA-LOGO_OK-HD.png\" alt=\"\" class=\"wp-image-94\" style=\"border-radius:16px\" srcset=\"https:\/\/optimisa.be\/wp-content\/uploads\/2025\/02\/OPTIMISA-LOGO_OK-HD.png 1806w, https:\/\/optimisa.be\/wp-content\/uploads\/2025\/02\/OPTIMISA-LOGO_OK-HD-300x233.png 300w, https:\/\/optimisa.be\/wp-content\/uploads\/2025\/02\/OPTIMISA-LOGO_OK-HD-1024x796.png 1024w, https:\/\/optimisa.be\/wp-content\/uploads\/2025\/02\/OPTIMISA-LOGO_OK-HD-768x597.png 768w, https:\/\/optimisa.be\/wp-content\/uploads\/2025\/02\/OPTIMISA-LOGO_OK-HD-1536x1194.png 1536w\" sizes=\"auto, (max-width: 1806px) 100vw, 1806px\" \/><\/figure>\n<\/div>\n\n\n\n<div class=\"wp-block-column is-vertically-aligned-center is-layout-flow wp-block-column-is-layout-flow\" style=\"padding-top:0;padding-right:var(--wp--preset--spacing--30);padding-bottom:0;padding-left:var(--wp--preset--spacing--30);flex-basis:50%\">\n<h2 class=\"wp-block-heading has-nv-dark-bg-color has-text-color\">Notre logo<\/h2>\n\n\n\n<p class=\"has-neve-text-color-color has-text-color\">Le logo illustre un exercice souvent propos\u00e9 et rarement r\u00e9solu ais\u00e9ment. Il convient de passer sur chacun des 9 points dispos\u00e9s en carr\u00e9 avec seulement 4 segments de droite, continus, sans repasser sur le m\u00eame point. Le blocage survient.<\/p>\n\n\n\n<p class=\"has-neve-text-color-color has-text-color\">En fait, la solution se trouve en dehors du cadre. Naturellement, chacun pense qu\u2019il faut rester dans le cadre des 9 points, mais cela ne fait pourtant pas partie des consignes de l\u2019exercice\u2026 Il s\u2019agit de l\u2019enfermement dans un domaine logique qui nous emp\u00eache de trouver l\u2019issue des probl\u00e8mes \u00e0 r\u00e9soudre. Bien souvent, quand on se retrouve face \u00e0 une difficult\u00e9, on s\u2019astreint des r\u00e8gles qui n\u2019ont pas \u00e9t\u00e9 mentionn\u00e9es. Une contrainte non exprim\u00e9e est fr\u00e9quemment et spontan\u00e9ment admise : la limitation de l\u2019espace du jeu au carr\u00e9 form\u00e9s par les 9 points. Il suffit de lever cette contrainte pour que la solution apparaisse, et le lever est d\u2019autant plus difficile quand elle n\u2019a pas \u00e9t\u00e9 exprim\u00e9e. <\/p>\n\n\n\n<p>Quand on sort du cadre que l\u2019on s\u2019est impos\u00e9, la solution devient \u00e9vidente.<\/p>\n<\/div>\n<\/div>\n\n\n\n<div style=\"height:40px\" aria-hidden=\"true\" class=\"wp-block-spacer\"><\/div>\n<\/div><\/div>\n<\/div><\/div>\n\n\n\n<div class=\"wp-block-cover alignfull\" style=\"min-height:600px;aspect-ratio:unset;\"><span aria-hidden=\"true\" class=\"wp-block-cover__background has-nv-dark-bg-background-color has-background-dim-100 has-background-dim\"><\/span><div class=\"wp-block-cover__inner-container is-layout-flow wp-block-cover-is-layout-flow\">\n<div class=\"wp-block-group\"><div class=\"wp-block-group__inner-container is-layout-flow wp-block-group-is-layout-flow\">\n<div style=\"height:80px\" aria-hidden=\"true\" class=\"wp-block-spacer\"><\/div>\n\n\n\n<div class=\"wp-block-columns are-vertically-aligned-center is-layout-flex wp-container-core-columns-is-layout-9d6595d7 wp-block-columns-is-layout-flex\">\n<div class=\"wp-block-column is-vertically-aligned-center is-layout-flow wp-block-column-is-layout-flow\" style=\"padding-right:var(--wp--preset--spacing--30);padding-left:var(--wp--preset--spacing--30);flex-basis:50%\">\n<p><\/p>\n\n\n\n<h2 class=\"wp-block-heading has-nv-text-dark-bg-color has-text-color\">Nos activit\u00e9s <\/h2>\n\n\n\n<p class=\"has-nv-text-dark-bg-color has-text-color\">Optimisa vous aide \u00e0 d\u00e9gager des solutions \u00e0 des situations paraissant impossibles, voire inextricables ou tout simplement complexes.<\/p>\n\n\n\n<p>Une exp\u00e9rience de quelque 4 d\u00e9cennies acquise dans le domaine de la communication, du management, de l\u2019audit ou de la s\u00e9curit\u00e9 est mise \u00e0 votre disposition via nos diff\u00e9rents services.<\/p>\n\n\n\n<div style=\"height:20px\" aria-hidden=\"true\" class=\"wp-block-spacer\"><\/div>\n\n\n\n<div class=\"wp-block-buttons has-custom-font-size has-small-font-size is-content-justification-left is-layout-flex wp-container-core-buttons-is-layout-fdcfc74e wp-block-buttons-is-layout-flex\">\n<div class=\"wp-block-button has-custom-font-size is-style-default\" style=\"font-size:16px\"><a class=\"wp-block-button__link has-nv-text-dark-bg-color has-neve-link-color-background-color has-text-color has-background has-link-color wp-element-button\" href=\"https:\/\/optimisa.be\/index.php\/nos-services\/\">Nos services<\/a><\/div>\n<\/div>\n\n\n\n<div style=\"height:20px\" aria-hidden=\"true\" class=\"wp-block-spacer\"><\/div>\n<\/div>\n\n\n\n<div class=\"wp-block-column is-vertically-aligned-center is-layout-flow wp-block-column-is-layout-flow\" style=\"padding-right:var(--wp--preset--spacing--30);padding-left:var(--wp--preset--spacing--30);flex-basis:50%\">\n<figure class=\"wp-block-image size-full has-custom-border\"><img decoding=\"async\" src=\"https:\/\/optimisa.be\/wp-content\/themes\/neve\/assets\/img\/starter-content\/neve-marketing-agency-16.png\" alt=\"\" style=\"border-radius:16px\"\/><\/figure>\n<\/div>\n<\/div>\n\n\n\n<div style=\"height:40px\" aria-hidden=\"true\" class=\"wp-block-spacer\"><\/div>\n<\/div><\/div>\n<\/div><\/div>\n\n\n\n<div class=\"wp-block-cover alignfull\" style=\"min-height:420px;aspect-ratio:unset;\"><span aria-hidden=\"true\" class=\"wp-block-cover__background has-nv-site-bg-background-color has-background-dim-100 has-background-dim\"><\/span><div class=\"wp-block-cover__inner-container is-layout-flow wp-block-cover-is-layout-flow\">\n<div style=\"height:80px\" aria-hidden=\"true\" class=\"wp-block-spacer\"><\/div>\n\n\n\n<div class=\"wp-block-group is-vertical is-content-justification-center is-layout-flex wp-container-core-group-is-layout-4b2eccd6 wp-block-group-is-layout-flex\">\n<h2 class=\"wp-block-heading has-text-align-center has-nv-dark-bg-color has-text-color has-link-color wp-elements-00def3dcda8b0a77265cfc723052303c\">Nos valeurs<br><\/h2>\n\n\n\n<div style=\"height:70px\" aria-hidden=\"true\" class=\"wp-block-spacer wp-container-content-95b39f08\"><\/div>\n<\/div>\n\n\n\n<div class=\"wp-block-columns is-layout-flex wp-container-core-columns-is-layout-9d6595d7 wp-block-columns-is-layout-flex\">\n<div class=\"wp-block-column ticss-4ce656f1 is-layout-flow wp-block-column-is-layout-flow\" style=\"padding-right:var(--wp--preset--spacing--30);padding-left:var(--wp--preset--spacing--30)\"><div class=\"wp-block-image icon-style is-style-default\">\n<figure class=\"aligncenter size-full is-resized\"><img loading=\"lazy\" decoding=\"async\" width=\"500\" height=\"500\" src=\"http:\/\/optimisa.be\/wp-content\/uploads\/2025\/03\/a-propos-dOPTIMISA.png\" alt=\"\" class=\"wp-image-234\" style=\"width:70px\" srcset=\"https:\/\/optimisa.be\/wp-content\/uploads\/2025\/03\/a-propos-dOPTIMISA.png 500w, https:\/\/optimisa.be\/wp-content\/uploads\/2025\/03\/a-propos-dOPTIMISA-300x300.png 300w, https:\/\/optimisa.be\/wp-content\/uploads\/2025\/03\/a-propos-dOPTIMISA-150x150.png 150w, https:\/\/optimisa.be\/wp-content\/uploads\/2025\/03\/a-propos-dOPTIMISA-144x144.png 144w\" sizes=\"auto, (max-width: 500px) 100vw, 500px\" \/><\/figure>\n<\/div>\n\n\n<div style=\"height:24px\" aria-hidden=\"true\" class=\"wp-block-spacer\"><\/div>\n\n\n\n<h3 class=\"wp-block-heading has-text-align-center has-nv-dark-bg-color has-text-color\">Fiabilit\u00e9<\/h3>\n\n\n\n<p class=\"has-text-align-center has-neve-text-color-color has-text-color\">Nous honorons toujours nos engagements avec constance et fiabilit\u00e9 <\/p>\n\n\n\n<div style=\"height:20px\" aria-hidden=\"true\" class=\"wp-block-spacer\"><\/div>\n<\/div>\n\n\n\n<div class=\"wp-block-column ticss-f6fc7494 is-layout-flow wp-block-column-is-layout-flow\" style=\"padding-right:var(--wp--preset--spacing--30);padding-left:var(--wp--preset--spacing--30)\"><div class=\"wp-block-image icon-style is-style-default\">\n<figure class=\"aligncenter size-full is-resized\"><img loading=\"lazy\" decoding=\"async\" width=\"500\" height=\"500\" src=\"https:\/\/optimisa.be\/wp-content\/uploads\/2025\/03\/a-propos-dOPTIMISA-1.png\" alt=\"\" class=\"wp-image-236\" style=\"width:70px\" srcset=\"https:\/\/optimisa.be\/wp-content\/uploads\/2025\/03\/a-propos-dOPTIMISA-1.png 500w, https:\/\/optimisa.be\/wp-content\/uploads\/2025\/03\/a-propos-dOPTIMISA-1-300x300.png 300w, https:\/\/optimisa.be\/wp-content\/uploads\/2025\/03\/a-propos-dOPTIMISA-1-150x150.png 150w, https:\/\/optimisa.be\/wp-content\/uploads\/2025\/03\/a-propos-dOPTIMISA-1-144x144.png 144w\" sizes=\"auto, (max-width: 500px) 100vw, 500px\" \/><\/figure>\n<\/div>\n\n\n<div style=\"height:24px\" aria-hidden=\"true\" class=\"wp-block-spacer\"><\/div>\n\n\n\n<h3 class=\"wp-block-heading has-text-align-center has-nv-dark-bg-color has-text-color\">Pr\u00e9cision<\/h3>\n\n\n\n<p class=\"has-text-align-center has-neve-text-color-color has-text-color\">Chaque d\u00e9tail compte. Nous visons l\u2019excellence avec exigence et justesse.<\/p>\n\n\n\n<div style=\"height:20px\" aria-hidden=\"true\" class=\"wp-block-spacer\"><\/div>\n<\/div>\n\n\n\n<div class=\"wp-block-column ticss-a5b4df29 is-layout-flow wp-block-column-is-layout-flow\" style=\"padding-right:var(--wp--preset--spacing--30);padding-left:var(--wp--preset--spacing--30)\"><div class=\"wp-block-image icon-style is-style-default\">\n<figure class=\"aligncenter size-full is-resized\"><img loading=\"lazy\" decoding=\"async\" width=\"500\" height=\"500\" src=\"https:\/\/optimisa.be\/wp-content\/uploads\/2025\/03\/a-propos-dOPTIMISA-2.png\" alt=\"\" class=\"wp-image-237\" style=\"width:70px\" srcset=\"https:\/\/optimisa.be\/wp-content\/uploads\/2025\/03\/a-propos-dOPTIMISA-2.png 500w, https:\/\/optimisa.be\/wp-content\/uploads\/2025\/03\/a-propos-dOPTIMISA-2-300x300.png 300w, https:\/\/optimisa.be\/wp-content\/uploads\/2025\/03\/a-propos-dOPTIMISA-2-150x150.png 150w, https:\/\/optimisa.be\/wp-content\/uploads\/2025\/03\/a-propos-dOPTIMISA-2-144x144.png 144w\" sizes=\"auto, (max-width: 500px) 100vw, 500px\" \/><\/figure>\n<\/div>\n\n\n<div style=\"height:24px\" aria-hidden=\"true\" class=\"wp-block-spacer\"><\/div>\n\n\n\n<h3 class=\"wp-block-heading has-text-align-center has-nv-dark-bg-color has-text-color\">Rigueur<\/h3>\n\n\n\n<p class=\"has-text-align-center has-neve-text-color-color has-text-color\">Nous avan\u00e7ons avec m\u00e9thode et s\u00e9rieux pour garantir un travail irr\u00e9prochable.<\/p>\n\n\n\n<div style=\"height:20px\" aria-hidden=\"true\" class=\"wp-block-spacer\"><\/div>\n<\/div>\n<\/div>\n<\/div><\/div>\n\n\n\n<div class=\"wp-block-cover alignfull\" style=\"min-height:600px;aspect-ratio:unset;\"><span aria-hidden=\"true\" class=\"wp-block-cover__background has-nv-light-bg-background-color has-background-dim-100 has-background-dim\"><\/span><div class=\"wp-block-cover__inner-container is-layout-flow wp-block-cover-is-layout-flow\">\n<div class=\"wp-block-group\"><div class=\"wp-block-group__inner-container is-layout-flow wp-block-group-is-layout-flow\">\n<div style=\"height:80px\" aria-hidden=\"true\" class=\"wp-block-spacer\"><\/div>\n\n\n\n<div class=\"wp-block-columns is-layout-flex wp-container-core-columns-is-layout-9d6595d7 wp-block-columns-is-layout-flex\">\n<div class=\"wp-block-column is-layout-flow wp-block-column-is-layout-flow\" style=\"flex-basis:20%\">\n<div class=\"wp-block-group is-vertical is-content-justification-center is-layout-flex wp-container-core-group-is-layout-4b2eccd6 wp-block-group-is-layout-flex\"><\/div>\n<\/div>\n\n\n\n<div class=\"wp-block-column is-layout-flow wp-block-column-is-layout-flow\" style=\"flex-basis:60%\">\n<div class=\"wp-block-group is-vertical is-content-justification-center is-layout-flex wp-container-core-group-is-layout-4b2eccd6 wp-block-group-is-layout-flex\">\n<h2 class=\"wp-block-heading has-text-align-center has-nv-dark-bg-color has-text-color has-link-color wp-elements-a1131d7e106a6b388503ad7b69bbe0c6\">\u00c0 la t\u00eate de l&#8217;\u00e9quipe<\/h2>\n\n\n\n<p class=\"has-text-align-center has-neve-text-color-color has-text-color has-link-color wp-elements-95855a2fc8aac29ab8de3d294e39bdfe\"><\/p>\n\n\n\n<div style=\"height:58px\" aria-hidden=\"true\" class=\"wp-block-spacer wp-container-content-435e978a\"><\/div>\n<\/div>\n<\/div>\n\n\n\n<div class=\"wp-block-column is-layout-flow wp-block-column-is-layout-flow\" style=\"flex-basis:20%\">\n<div class=\"wp-block-group is-vertical is-content-justification-center is-layout-flex wp-container-core-group-is-layout-4b2eccd6 wp-block-group-is-layout-flex\"><\/div>\n<\/div>\n<\/div>\n\n\n\n<div class=\"wp-block-columns is-layout-flex wp-container-core-columns-is-layout-9d6595d7 wp-block-columns-is-layout-flex\">\n<div class=\"wp-block-column is-layout-flow wp-block-column-is-layout-flow\" style=\"padding-right:var(--wp--preset--spacing--30);padding-left:var(--wp--preset--spacing--30)\"><div class=\"wp-block-image is-style-default\">\n<figure class=\"aligncenter size-full is-resized has-custom-border\"><img loading=\"lazy\" decoding=\"async\" width=\"2092\" height=\"2092\" src=\"http:\/\/optimisa.be\/wp-content\/uploads\/2025\/02\/Jean-Pierre-DELEERSNIJDER-Protection-UNIT-3-2-1.jpg\" alt=\"\" class=\"wp-image-159\" style=\"border-radius:16px;width:280px\" srcset=\"https:\/\/optimisa.be\/wp-content\/uploads\/2025\/02\/Jean-Pierre-DELEERSNIJDER-Protection-UNIT-3-2-1.jpg 2092w, https:\/\/optimisa.be\/wp-content\/uploads\/2025\/02\/Jean-Pierre-DELEERSNIJDER-Protection-UNIT-3-2-1-300x300.jpg 300w, https:\/\/optimisa.be\/wp-content\/uploads\/2025\/02\/Jean-Pierre-DELEERSNIJDER-Protection-UNIT-3-2-1-1024x1024.jpg 1024w, https:\/\/optimisa.be\/wp-content\/uploads\/2025\/02\/Jean-Pierre-DELEERSNIJDER-Protection-UNIT-3-2-1-150x150.jpg 150w, https:\/\/optimisa.be\/wp-content\/uploads\/2025\/02\/Jean-Pierre-DELEERSNIJDER-Protection-UNIT-3-2-1-768x768.jpg 768w, https:\/\/optimisa.be\/wp-content\/uploads\/2025\/02\/Jean-Pierre-DELEERSNIJDER-Protection-UNIT-3-2-1-1536x1536.jpg 1536w, https:\/\/optimisa.be\/wp-content\/uploads\/2025\/02\/Jean-Pierre-DELEERSNIJDER-Protection-UNIT-3-2-1-2048x2048.jpg 2048w\" sizes=\"auto, (max-width: 2092px) 100vw, 2092px\" \/><\/figure>\n<\/div>\n\n\n<div style=\"height:24px\" aria-hidden=\"true\" class=\"wp-block-spacer\"><\/div>\n\n\n\n<h3 class=\"wp-block-heading has-text-align-center has-neve-text-color-color has-text-color\">Jean-Pierre DELEERSNIJDER<\/h3>\n\n\n\n<p class=\"has-text-align-center has-neve-text-color-color has-text-color\">CEO &#8211; OPTIMISA<\/p>\n\n\n\n<ul class=\"wp-block-social-links aligncenter has-icon-color has-icon-background-color is-layout-flex wp-block-social-links-is-layout-flex\"><li style=\"color:var(--nv-text-dark-bg);background-color:var(--nv-dark-bg);\" class=\"wp-social-link wp-social-link-linkedin has-nv-text-dark-bg-color has-nv-dark-bg-background-color wp-block-social-link\"><a href=\"https:\/\/www.linkedin.com\/in\/jean-pierre-deleersnijder-977899b\/\" class=\"wp-block-social-link-anchor\"><svg width=\"24\" height=\"24\" viewBox=\"0 0 24 24\" version=\"1.1\" xmlns=\"http:\/\/www.w3.org\/2000\/svg\" aria-hidden=\"true\" focusable=\"false\"><path d=\"M19.7,3H4.3C3.582,3,3,3.582,3,4.3v15.4C3,20.418,3.582,21,4.3,21h15.4c0.718,0,1.3-0.582,1.3-1.3V4.3 C21,3.582,20.418,3,19.7,3z M8.339,18.338H5.667v-8.59h2.672V18.338z M7.004,8.574c-0.857,0-1.549-0.694-1.549-1.548 c0-0.855,0.691-1.548,1.549-1.548c0.854,0,1.547,0.694,1.547,1.548C8.551,7.881,7.858,8.574,7.004,8.574z M18.339,18.338h-2.669 v-4.177c0-0.996-0.017-2.278-1.387-2.278c-1.389,0-1.601,1.086-1.601,2.206v4.249h-2.667v-8.59h2.559v1.174h0.037 c0.356-0.675,1.227-1.387,2.526-1.387c2.703,0,3.203,1.779,3.203,4.092V18.338z\"><\/path><\/svg><span class=\"wp-block-social-link-label screen-reader-text\">LinkedIn<\/span><\/a><\/li><\/ul>\n\n\n\n<div style=\"height:40px\" aria-hidden=\"true\" class=\"wp-block-spacer\"><\/div>\n<\/div>\n<\/div>\n\n\n\n<div style=\"height:40px\" aria-hidden=\"true\" class=\"wp-block-spacer\"><\/div>\n<\/div><\/div>\n<\/div><\/div>\n","protected":false},"excerpt":{"rendered":"","protected":false},"author":1,"featured_media":0,"parent":0,"menu_order":0,"comment_status":"closed","ping_status":"closed","template":"","meta":{"neve_meta_sidebar":"","neve_meta_container":"","neve_meta_enable_content_width":"on","neve_meta_content_width":100,"neve_meta_title_alignment":"","neve_meta_author_avatar":"","neve_post_elements_order":"","neve_meta_disable_header":"","neve_meta_disable_footer":"","neve_meta_disable_title":"on","footnotes":""},"class_list":["post-42","page","type-page","status-publish","hentry"],"_links":{"self":[{"href":"https:\/\/optimisa.be\/index.php\/wp-json\/wp\/v2\/pages\/42","targetHints":{"allow":["GET"]}}],"collection":[{"href":"https:\/\/optimisa.be\/index.php\/wp-json\/wp\/v2\/pages"}],"about":[{"href":"https:\/\/optimisa.be\/index.php\/wp-json\/wp\/v2\/types\/page"}],"author":[{"embeddable":true,"href":"https:\/\/optimisa.be\/index.php\/wp-json\/wp\/v2\/users\/1"}],"replies":[{"embeddable":true,"href":"https:\/\/optimisa.be\/index.php\/wp-json\/wp\/v2\/comments?post=42"}],"version-history":[{"count":27,"href":"https:\/\/optimisa.be\/index.php\/wp-json\/wp\/v2\/pages\/42\/revisions"}],"predecessor-version":[{"id":338,"href":"https:\/\/optimisa.be\/index.php\/wp-json\/wp\/v2\/pages\/42\/revisions\/338"}],"wp:attachment":[{"href":"https:\/\/optimisa.be\/index.php\/wp-json\/wp\/v2\/media?parent=42"}],"curies":[{"name":"wp","href":"https:\/\/api.w.org\/{rel}","templated":true}]}}