{"id":41,"date":"2025-02-28T12:41:48","date_gmt":"2025-02-28T11:41:48","guid":{"rendered":"https:\/\/optimisa.be\/?page_id=41"},"modified":"2025-03-02T15:09:34","modified_gmt":"2025-03-02T14:09:34","slug":"accueil","status":"publish","type":"page","link":"https:\/\/optimisa.be\/","title":{"rendered":"Accueil"},"content":{"rendered":"\n<div style=\"height:110px\" aria-hidden=\"true\" class=\"wp-block-spacer\"><\/div>\n\n\n\n<div class=\"wp-block-columns alignfull is-layout-flex wp-container-core-columns-is-layout-9d6595d7 wp-block-columns-is-layout-flex\">\n<div class=\"wp-block-column is-vertically-aligned-center is-layout-flow wp-block-column-is-layout-flow\" style=\"flex-basis:66.66%\"><div class=\"wp-block-image\">\n<figure class=\"alignleft size-full\"><img loading=\"lazy\" decoding=\"async\" width=\"1200\" height=\"630\" src=\"https:\/\/optimisa.be\/wp-content\/uploads\/2025\/03\/completion-15-1.png\" alt=\"\" class=\"wp-image-300\" srcset=\"https:\/\/optimisa.be\/wp-content\/uploads\/2025\/03\/completion-15-1.png 1200w, https:\/\/optimisa.be\/wp-content\/uploads\/2025\/03\/completion-15-1-300x158.png 300w, https:\/\/optimisa.be\/wp-content\/uploads\/2025\/03\/completion-15-1-1024x538.png 1024w, https:\/\/optimisa.be\/wp-content\/uploads\/2025\/03\/completion-15-1-768x403.png 768w\" sizes=\"auto, (max-width: 1200px) 100vw, 1200px\" \/><\/figure>\n<\/div><\/div>\n\n\n\n<div class=\"wp-block-column is-layout-flow wp-block-column-is-layout-flow\"><\/div>\n\n\n\n<div class=\"wp-block-column is-vertically-aligned-center is-layout-flow wp-block-column-is-layout-flow\" style=\"flex-basis:30%\"><div class=\"wp-block-image\">\n<figure class=\"aligncenter size-large\"><img loading=\"lazy\" decoding=\"async\" width=\"1024\" height=\"796\" src=\"http:\/\/optimisa.be\/wp-content\/uploads\/2025\/02\/OPTIMISA-LOGO_OK-HD-1024x796.png\" alt=\"\" class=\"wp-image-94\" srcset=\"https:\/\/optimisa.be\/wp-content\/uploads\/2025\/02\/OPTIMISA-LOGO_OK-HD-1024x796.png 1024w, https:\/\/optimisa.be\/wp-content\/uploads\/2025\/02\/OPTIMISA-LOGO_OK-HD-300x233.png 300w, https:\/\/optimisa.be\/wp-content\/uploads\/2025\/02\/OPTIMISA-LOGO_OK-HD-768x597.png 768w, https:\/\/optimisa.be\/wp-content\/uploads\/2025\/02\/OPTIMISA-LOGO_OK-HD-1536x1194.png 1536w, https:\/\/optimisa.be\/wp-content\/uploads\/2025\/02\/OPTIMISA-LOGO_OK-HD.png 1806w\" sizes=\"auto, (max-width: 1024px) 100vw, 1024px\" \/><\/figure>\n<\/div><\/div>\n<\/div>\n\n\n\n<div style=\"height:58px\" aria-hidden=\"true\" class=\"wp-block-spacer\"><\/div>\n\n\n\n<div class=\"wp-block-columns is-layout-flex wp-container-core-columns-is-layout-9d6595d7 wp-block-columns-is-layout-flex\">\n<div class=\"wp-block-column neve-duotone is-layout-flow wp-block-column-is-layout-flow\" style=\"padding-right:var(--wp--preset--spacing--30);padding-left:var(--wp--preset--spacing--30)\"><div class=\"wp-block-image icon-style is-style-default wp-duotone-unset-1\">\n<figure class=\"aligncenter size-full is-resized has-custom-border\"><img loading=\"lazy\" decoding=\"async\" width=\"500\" height=\"500\" src=\"https:\/\/optimisa.be\/wp-content\/uploads\/2025\/02\/Design-sans-titre-19.png\" alt=\"\" class=\"wp-image-157\" style=\"border-radius:0px;width:68px\" title=\"\" srcset=\"https:\/\/optimisa.be\/wp-content\/uploads\/2025\/02\/Design-sans-titre-19.png 500w, https:\/\/optimisa.be\/wp-content\/uploads\/2025\/02\/Design-sans-titre-19-300x300.png 300w, https:\/\/optimisa.be\/wp-content\/uploads\/2025\/02\/Design-sans-titre-19-150x150.png 150w\" sizes=\"auto, (max-width: 500px) 100vw, 500px\" \/><\/figure>\n<\/div>\n\n\n<div style=\"height:16px\" aria-hidden=\"true\" class=\"wp-block-spacer\"><\/div>\n\n\n\n<h3 class=\"wp-block-heading has-text-align-center has-nv-dark-bg-color has-text-color\">Communication<\/h3>\n\n\n\n<p class=\"has-text-align-center\">Nous optimisons votre image de marque gr\u00e2ce \u00e0 des strat\u00e9gies de communication claires et percutantes, adapt\u00e9es \u00e0 vos objectifs et \u00e0 votre public.<\/p>\n\n\n\n<div style=\"height:20px\" aria-hidden=\"true\" class=\"wp-block-spacer\"><\/div>\n<\/div>\n\n\n\n<div class=\"wp-block-column is-layout-flow wp-block-column-is-layout-flow\" style=\"padding-right:var(--wp--preset--spacing--30);padding-left:var(--wp--preset--spacing--30)\"><div class=\"wp-block-image icon-style is-style-default\">\n<figure class=\"aligncenter size-full is-resized has-custom-border\"><img loading=\"lazy\" decoding=\"async\" width=\"500\" height=\"500\" src=\"http:\/\/optimisa.be\/wp-content\/uploads\/2025\/02\/Design-sans-titre-17.png\" alt=\"\" class=\"wp-image-155\" style=\"border-radius:0px;width:68px\" title=\"\" srcset=\"https:\/\/optimisa.be\/wp-content\/uploads\/2025\/02\/Design-sans-titre-17.png 500w, https:\/\/optimisa.be\/wp-content\/uploads\/2025\/02\/Design-sans-titre-17-300x300.png 300w, https:\/\/optimisa.be\/wp-content\/uploads\/2025\/02\/Design-sans-titre-17-150x150.png 150w\" sizes=\"auto, (max-width: 500px) 100vw, 500px\" \/><\/figure>\n<\/div>\n\n\n<div style=\"height:16px\" aria-hidden=\"true\" class=\"wp-block-spacer\"><\/div>\n\n\n\n<h3 class=\"wp-block-heading has-text-align-center has-nv-dark-bg-color has-text-color\">S\u00e9curit\u00e9<\/h3>\n\n\n\n<p class=\"has-text-align-center\">Nous prot\u00e9geons vos biens et vos \u00e9quipes avec des solutions de s\u00e9curit\u00e9 fiables et innovantes, assurant ainsi un environnement s\u00e9curis\u00e9 24\/7.<\/p>\n\n\n\n<div style=\"height:20px\" aria-hidden=\"true\" class=\"wp-block-spacer\"><\/div>\n<\/div>\n\n\n\n<div class=\"wp-block-column is-layout-flow wp-block-column-is-layout-flow\" style=\"padding-right:var(--wp--preset--spacing--30);padding-left:var(--wp--preset--spacing--30)\"><div class=\"wp-block-image icon-style is-style-default wp-duotone-unset-2\">\n<figure class=\"aligncenter size-full is-resized has-custom-border\"><img loading=\"lazy\" decoding=\"async\" width=\"500\" height=\"500\" src=\"http:\/\/optimisa.be\/wp-content\/uploads\/2025\/02\/Design-sans-titre-16.png\" alt=\"\" class=\"wp-image-154\" style=\"border-radius:0px;width:68px;height:auto\" title=\"\" srcset=\"https:\/\/optimisa.be\/wp-content\/uploads\/2025\/02\/Design-sans-titre-16.png 500w, https:\/\/optimisa.be\/wp-content\/uploads\/2025\/02\/Design-sans-titre-16-300x300.png 300w, https:\/\/optimisa.be\/wp-content\/uploads\/2025\/02\/Design-sans-titre-16-150x150.png 150w\" sizes=\"auto, (max-width: 500px) 100vw, 500px\" \/><\/figure>\n<\/div>\n\n\n<div style=\"height:16px\" aria-hidden=\"true\" class=\"wp-block-spacer\"><\/div>\n\n\n\n<h3 class=\"wp-block-heading has-text-align-center has-nv-dark-bg-color has-text-color\">D\u00e9veloppement <\/h3>\n\n\n\n<p class=\"has-text-align-center\">Nous concevons des solutions sur-mesure pour faire \u00e9voluer votre entreprise, en int\u00e9grant les derni\u00e8res technologies et en anticipant vos besoins futurs.<\/p>\n\n\n\n<div style=\"height:20px\" aria-hidden=\"true\" class=\"wp-block-spacer\"><\/div>\n<\/div>\n\n\n\n<div class=\"wp-block-column is-layout-flow wp-block-column-is-layout-flow\" style=\"padding-right:var(--wp--preset--spacing--30);padding-left:var(--wp--preset--spacing--30)\"><div class=\"wp-block-image icon-style is-style-default wp-duotone-unset-3\">\n<figure class=\"aligncenter size-full is-resized has-custom-border\"><img loading=\"lazy\" decoding=\"async\" width=\"500\" height=\"500\" src=\"http:\/\/optimisa.be\/wp-content\/uploads\/2025\/02\/Design-sans-titre-15.png\" alt=\"\" class=\"wp-image-153\" style=\"border-radius:0px;width:68px;height:auto\" title=\"\" srcset=\"https:\/\/optimisa.be\/wp-content\/uploads\/2025\/02\/Design-sans-titre-15.png 500w, https:\/\/optimisa.be\/wp-content\/uploads\/2025\/02\/Design-sans-titre-15-300x300.png 300w, https:\/\/optimisa.be\/wp-content\/uploads\/2025\/02\/Design-sans-titre-15-150x150.png 150w\" sizes=\"auto, (max-width: 500px) 100vw, 500px\" \/><\/figure>\n<\/div>\n\n\n<div style=\"height:16px\" aria-hidden=\"true\" class=\"wp-block-spacer\"><\/div>\n\n\n\n<h3 class=\"wp-block-heading has-text-align-center has-nv-dark-bg-color has-text-color\">Audit<\/h3>\n\n\n\n<p class=\"has-text-align-center\">Nous r\u00e9alisons des audits d\u00e9taill\u00e9s pour \u00e9valuer vos processus, identifier les opportunit\u00e9s d&#8217;am\u00e9lioration et vous aider \u00e0 optimiser vos performances.<\/p>\n\n\n\n<div style=\"height:20px\" aria-hidden=\"true\" class=\"wp-block-spacer\"><\/div>\n<\/div>\n<\/div>\n\n\n\n<div class=\"wp-block-cover alignfull has-nv-text-dark-bg-color has-text-color has-link-color wp-elements-dfb2b04daa32db5f778787923ebe2843\" style=\"min-height:420px;aspect-ratio:unset;\"><span aria-hidden=\"true\" class=\"wp-block-cover__background has-nv-dark-bg-background-color has-background-dim-100 has-background-dim\"><\/span><div class=\"wp-block-cover__inner-container is-layout-flow wp-block-cover-is-layout-flow\">\n<div style=\"height:80px\" aria-hidden=\"true\" class=\"wp-block-spacer\"><\/div>\n\n\n\n<div class=\"wp-block-columns is-layout-flex wp-container-core-columns-is-layout-9d6595d7 wp-block-columns-is-layout-flex\">\n<div class=\"wp-block-column ticss-4ce656f1 is-layout-flow wp-block-column-is-layout-flow\"><div class=\"wp-block-image is-style-rounded\">\n<figure class=\"aligncenter size-full is-resized\"><img loading=\"lazy\" decoding=\"async\" width=\"2092\" height=\"2092\" src=\"https:\/\/optimisa.be\/wp-content\/uploads\/2025\/02\/Jean-Pierre-DELEERSNIJDER-Protection-UNIT-3-2-1.jpg\" alt=\"\" class=\"wp-image-159\" style=\"width:160px;height:auto\" srcset=\"https:\/\/optimisa.be\/wp-content\/uploads\/2025\/02\/Jean-Pierre-DELEERSNIJDER-Protection-UNIT-3-2-1.jpg 2092w, https:\/\/optimisa.be\/wp-content\/uploads\/2025\/02\/Jean-Pierre-DELEERSNIJDER-Protection-UNIT-3-2-1-300x300.jpg 300w, https:\/\/optimisa.be\/wp-content\/uploads\/2025\/02\/Jean-Pierre-DELEERSNIJDER-Protection-UNIT-3-2-1-1024x1024.jpg 1024w, https:\/\/optimisa.be\/wp-content\/uploads\/2025\/02\/Jean-Pierre-DELEERSNIJDER-Protection-UNIT-3-2-1-150x150.jpg 150w, https:\/\/optimisa.be\/wp-content\/uploads\/2025\/02\/Jean-Pierre-DELEERSNIJDER-Protection-UNIT-3-2-1-768x768.jpg 768w, https:\/\/optimisa.be\/wp-content\/uploads\/2025\/02\/Jean-Pierre-DELEERSNIJDER-Protection-UNIT-3-2-1-1536x1536.jpg 1536w, https:\/\/optimisa.be\/wp-content\/uploads\/2025\/02\/Jean-Pierre-DELEERSNIJDER-Protection-UNIT-3-2-1-2048x2048.jpg 2048w\" sizes=\"auto, (max-width: 2092px) 100vw, 2092px\" \/><\/figure>\n<\/div>\n\n\n<div style=\"height:24px\" aria-hidden=\"true\" class=\"wp-block-spacer\"><\/div>\n\n\n\n<p class=\"has-text-align-center has-nv-text-dark-bg-color has-text-color has-link-color wp-elements-506553e585bb6801ed817feefb0a62fb\" style=\"font-size:23px\"><strong><em>&#8220;C&#8217;est en sortant du cadre que l&#8217;on s&#8217;est impos\u00e9 que la solution devient \u00e9vidente&#8221;<\/em><\/strong><\/p>\n\n\n\n<p class=\"has-text-align-center has-nv-text-dark-bg-color has-text-color\" style=\"font-size:17px;text-transform:uppercase\"><strong>Jean-Pierre deleersnijder<br><\/strong>CEO Optimisa &#8211; senior expert<\/p>\n\n\n\n<div style=\"height:20px\" aria-hidden=\"true\" class=\"wp-block-spacer\"><\/div>\n<\/div>\n<\/div>\n\n\n\n<div style=\"height:0px\" aria-hidden=\"true\" class=\"wp-block-spacer\"><\/div>\n<\/div><\/div>\n\n\n\n<p><\/p>\n\n\n\n<p><\/p>\n\n\n\n<div class=\"wp-block-cover alignfull\" style=\"min-height:300px;aspect-ratio:unset;\"><span aria-hidden=\"true\" class=\"wp-block-cover__background has-neve-link-color-background-color has-background-dim-100 has-background-dim\"><\/span><div class=\"wp-block-cover__inner-container is-layout-flow wp-block-cover-is-layout-flow\">\n<div style=\"height:140px\" aria-hidden=\"true\" class=\"wp-block-spacer\"><\/div>\n\n\n\n<div class=\"wp-block-columns is-layout-flex wp-container-core-columns-is-layout-9d6595d7 wp-block-columns-is-layout-flex\">\n<div class=\"wp-block-column is-layout-flow wp-block-column-is-layout-flow\" style=\"flex-basis:20%\"><\/div>\n\n\n\n<div class=\"wp-block-column is-layout-flow wp-block-column-is-layout-flow\" style=\"flex-basis:60%\">\n<div class=\"wp-block-group\"><div class=\"wp-block-group__inner-container is-layout-constrained wp-block-group-is-layout-constrained\">\n<h2 class=\"wp-block-heading has-text-align-center has-nv-text-dark-bg-color has-text-color\" style=\"font-size:35px;text-transform:uppercase\"><strong>Avez-vous des questions ? <\/strong><\/h2>\n\n\n\n<p class=\"has-text-align-center has-nv-text-dark-bg-color has-text-color has-link-color wp-elements-680d006a9d6cc1469a7f061f144a6a9e\" style=\"font-size:25px;text-transform:none\"><strong>Contactez-nous via le bouton ici<\/strong><\/p>\n\n\n\n<div class=\"wp-block-buttons is-horizontal is-content-justification-center is-layout-flex wp-container-core-buttons-is-layout-499968f5 wp-block-buttons-is-layout-flex\">\n<div class=\"wp-block-button is-style-primary\"><a class=\"wp-block-button__link has-neve-link-color-color has-text-color has-background has-link-color wp-element-button\" href=\"https:\/\/optimisa.be\/index.php\/contact\/\" style=\"background-color:#ffffff\">CONTACT<\/a><\/div>\n<\/div>\n<\/div><\/div>\n<\/div>\n\n\n\n<div class=\"wp-block-column is-layout-flow wp-block-column-is-layout-flow\" style=\"flex-basis:20%\"><\/div>\n<\/div>\n\n\n\n<div style=\"height:140px\" aria-hidden=\"true\" class=\"wp-block-spacer\"><\/div>\n<\/div><\/div>\n\n\n\n<p><\/p>\n","protected":false},"excerpt":{"rendered":"<p>Communication Nous optimisons votre image de marque gr\u00e2ce \u00e0 des strat\u00e9gies de communication claires et percutantes, adapt\u00e9es \u00e0 vos objectifs et \u00e0 votre public. S\u00e9curit\u00e9 Nous prot\u00e9geons vos biens et vos \u00e9quipes avec des solutions de s\u00e9curit\u00e9 fiables et innovantes, assurant ainsi un environnement s\u00e9curis\u00e9 24\/7. D\u00e9veloppement Nous concevons des solutions sur-mesure pour faire \u00e9voluer&hellip;&nbsp;<a href=\"https:\/\/optimisa.be\/\" rel=\"bookmark\">Read More &raquo;<span class=\"screen-reader-text\">Accueil<\/span><\/a><\/p>\n","protected":false},"author":1,"featured_media":0,"parent":0,"menu_order":0,"comment_status":"closed","ping_status":"closed","template":"","meta":{"neve_meta_sidebar":"","neve_meta_container":"","neve_meta_enable_content_width":"on","neve_meta_content_width":100,"neve_meta_title_alignment":"","neve_meta_author_avatar":"","neve_post_elements_order":"","neve_meta_disable_header":"","neve_meta_disable_footer":"","neve_meta_disable_title":"on","footnotes":""},"class_list":["post-41","page","type-page","status-publish","hentry"],"_links":{"self":[{"href":"https:\/\/optimisa.be\/index.php\/wp-json\/wp\/v2\/pages\/41","targetHints":{"allow":["GET"]}}],"collection":[{"href":"https:\/\/optimisa.be\/index.php\/wp-json\/wp\/v2\/pages"}],"about":[{"href":"https:\/\/optimisa.be\/index.php\/wp-json\/wp\/v2\/types\/page"}],"author":[{"embeddable":true,"href":"https:\/\/optimisa.be\/index.php\/wp-json\/wp\/v2\/users\/1"}],"replies":[{"embeddable":true,"href":"https:\/\/optimisa.be\/index.php\/wp-json\/wp\/v2\/comments?post=41"}],"version-history":[{"count":71,"href":"https:\/\/optimisa.be\/index.php\/wp-json\/wp\/v2\/pages\/41\/revisions"}],"predecessor-version":[{"id":303,"href":"https:\/\/optimisa.be\/index.php\/wp-json\/wp\/v2\/pages\/41\/revisions\/303"}],"wp:attachment":[{"href":"https:\/\/optimisa.be\/index.php\/wp-json\/wp\/v2\/media?parent=41"}],"curies":[{"name":"wp","href":"https:\/\/api.w.org\/{rel}","templated":true}]}}